{"id":638,"date":"2021-03-13T14:01:46","date_gmt":"2021-03-13T13:01:46","guid":{"rendered":"https:\/\/www.cevichetasteofperu.se\/?page_id=638"},"modified":"2026-04-18T14:26:00","modified_gmt":"2026-04-18T12:26:00","slug":"lunch","status":"publish","type":"page","link":"https:\/\/www.cevichetasteofperu.se\/?page_id=638","title":{"rendered":"Lunch"},"content":{"rendered":"<p>&nbsp;<\/p>\n<p>&nbsp;<\/p>\n<p>Dagens lunch 11:00 &#8211; 14:00<br \/>\nIng\u00e5r Salladsbuff\u00e9, br\u00f6d, vatten, kaffe , te och kaka.<\/p>\n<div class=\"menu-list menu-list__dotted\">\n<h2 class=\"menu-list__title\">LUNCH M\u00c5NDAG<\/h2>\n<ul class=\"menu-list__items\">\n<li class=\"menu-list__item\">\n<h4 class=\"menu-list__item-title\"><span class=\"item_title\">K\u00d6TT<\/span><span class=\"dots\"><\/span><\/h4>\n<p class=\"menu-list__item-desc\"><span class=\"desc__content\">Stekt ryggbiff klyftpotatis &amp; barbecues\u00e5s.<\/span><\/p>\n<span class=\"dots\"><\/span><span class=\"menu-list__item-price\">149 KR<\/span><\/li>\n<li class=\"menu-list__item\">\n<h4 class=\"menu-list__item-title\"><span class=\"item_title\">FISK<\/span><span class=\"dots\"><\/span><\/h4>\n<p class=\"menu-list__item-desc\"><span class=\"desc__content\">Panerad koljafil\u00e9 pommes eller ris &amp; limeaioli.<\/span><\/p>\n<span class=\"dots\"><\/span><span class=\"menu-list__item-price\">139KR<\/span><\/li>\n<li class=\"menu-list__item\">\n<h4 class=\"menu-list__item-title\"><span class=\"item_title\">VEGETARISK<\/span><span class=\"dots\"><\/span><\/h4>\n<p class=\"menu-list__item-desc\"><span class=\"desc__content\">Halloumi burgare pommes &amp; chilimayo.<\/span><\/p>\n<span class=\"dots\"><\/span><span class=\"menu-list__item-price\">139 KR<\/span><\/li>\n<li class=\"menu-list__item\">\n<h4 class=\"menu-list__item-title\"><span class=\"item_title\">FISK<\/span><span class=\"dots\"><\/span><\/h4>\n<p class=\"menu-list__item-desc\"><span class=\"desc__content\">Stekt Laxfil\u00e9 klyftpotatis &amp; r\u00e4kr\u00f6ra.<\/span><\/p>\n<span class=\"dots\"><\/span><span class=\"menu-list__item-price\">159 KR<\/span><\/li>\n<li class=\"menu-list__item\">\n<h4 class=\"menu-list__item-title\"><span class=\"item_title\">FISK<\/span><span class=\"dots\"><\/span><\/h4>\n<p class=\"menu-list__item-desc\"><span class=\"desc__content\">CEVICHE fr.169<\/span><\/p>\n<span class=\"dots\"><\/span><span class=\"menu-list__item-price\">169 KR<\/span><\/li>\n<\/ul>\n<\/div>\n\n<p>&nbsp;<\/p>\n","protected":false},"excerpt":{"rendered":"<p>&nbsp; &nbsp; Dagens lunch 11:00 &#8211; 14:00 Ing\u00e5r Salladsbuff\u00e9, br\u00f6d, vatten, kaffe , te och kaka. &nbsp;<\/p>\n","protected":false},"author":1,"featured_media":883,"parent":0,"menu_order":0,"comment_status":"closed","ping_status":"closed","template":"","meta":[],"_links":{"self":[{"href":"https:\/\/www.cevichetasteofperu.se\/index.php?rest_route=\/wp\/v2\/pages\/638"}],"collection":[{"href":"https:\/\/www.cevichetasteofperu.se\/index.php?rest_route=\/wp\/v2\/pages"}],"about":[{"href":"https:\/\/www.cevichetasteofperu.se\/index.php?rest_route=\/wp\/v2\/types\/page"}],"author":[{"embeddable":true,"href":"https:\/\/www.cevichetasteofperu.se\/index.php?rest_route=\/wp\/v2\/users\/1"}],"replies":[{"embeddable":true,"href":"https:\/\/www.cevichetasteofperu.se\/index.php?rest_route=%2Fwp%2Fv2%2Fcomments&post=638"}],"version-history":[{"count":962,"href":"https:\/\/www.cevichetasteofperu.se\/index.php?rest_route=\/wp\/v2\/pages\/638\/revisions"}],"predecessor-version":[{"id":2381,"href":"https:\/\/www.cevichetasteofperu.se\/index.php?rest_route=\/wp\/v2\/pages\/638\/revisions\/2381"}],"wp:featuredmedia":[{"embeddable":true,"href":"https:\/\/www.cevichetasteofperu.se\/index.php?rest_route=\/wp\/v2\/media\/883"}],"wp:attachment":[{"href":"https:\/\/www.cevichetasteofperu.se\/index.php?rest_route=%2Fwp%2Fv2%2Fmedia&parent=638"}],"curies":[{"name":"wp","href":"https:\/\/api.w.org\/{rel}","templated":true}]}}