{"id":640,"date":"2021-04-13T14:02:02","date_gmt":"2021-04-13T12:02:02","guid":{"rendered":"https:\/\/www.cevichetasteofperu.se\/?page_id=640"},"modified":"2026-03-09T11:40:52","modified_gmt":"2026-03-09T10:40:52","slug":"meny","status":"publish","type":"page","link":"https:\/\/www.cevichetasteofperu.se\/?page_id=640","title":{"rendered":"Meny"},"content":{"rendered":"<p>&nbsp;<\/p>\n<h3><span style=\"color: #d37424;\"><strong>CEVICHE IS THE TASTE OF PERU<\/strong><\/span><\/h3>\n<p>Det peruanska k\u00f6ket s\u00e4gs vara ett av v\u00e4rldens b\u00e4sta. Vi \u00e4r beredda att h\u00e5lla med. I v\u00e5r cevicheria i Kville Saluhall serverar vi traditionell peruansk mat p\u00e5 svenska r\u00e5varor. Att kunna servera v\u00e5r ceviche p\u00e5 dagens f\u00e5ngst fr\u00e5n G\u00f6teborgs fiskhamn \u00e4r en ynnest. Men vi brinner ocks\u00e5 f\u00f6r v\u00e5rt flamberade k\u00f6tt, rykande<br \/>\ngrytor och gr\u00f6na fr\u00e4schheter.<\/p>\n<p>V\u00e4lkommen till oss och uppt\u00e4ck de peruanska smakerna!<\/p>\n\t<div class=\"pixcode  pixcode--grid  grid\" >\n\t\t\t<div class=\"grid__item six-twelfths palm-one-whole\" >\n\t\t\n<div class=\"menu-list menu-list__dotted\">\n<h2 class=\"menu-list__title\">Ceviche<\/h2>\n<hr class=\"separator\"\/>\n<ul class=\"menu-list__items\">\n<li class=\"menu-list__item\">\n<h4 class=\"menu-list__item-title\"><span class=\"item_title\">Ceviche Vegetariano<\/span><span class=\"dots\"><\/span><\/h4>\n<p class=\"menu-list__item-desc\"><span class=\"desc__content\">Citrusmarinerad zucchini, champinjoner, selleri. Serveras med s\u00f6tpotatis, rostad majs, r\u00f6dl\u00f6k samt koriander.<\/span><\/p>\n<span class=\"dots\"><\/span><span class=\"menu-list__item-price\">149 KR<\/span><\/li>\n<li class=\"menu-list__item\">\n<div class=\"menu-list__item-highlight-wrapper\">\n<span class=\"menu-list__item-highlight-title\">K\u00f6kets favorit<\/span>\n<h4 class=\"menu-list__item-title\"><span class=\"item_title\">Ceviche Clasico<\/span><span class=\"dots\"><\/span><\/h4>\n<p class=\"menu-list__item-desc\"><span class=\"desc__content\">Citrusmarinerad fisk serveras med s\u00f6tpotatis, rostad majs, r\u00f6dl\u00f6k samt koriander.<\/span><\/p>\n<span class=\"dots\"><\/span><span class=\"menu-list__item-price\">169 KR<\/span><\/div>\n<\/li>\n<li class=\"menu-list__item\">\n<h4 class=\"menu-list__item-title\"><span class=\"item_title\">Ceviche Mango<\/span><span class=\"dots\"><\/span><\/h4>\n<p class=\"menu-list__item-desc\"><span class=\"desc__content\">Citrusmarinerad fisk toppad med mango serveras med s\u00f6tpotatis, rostad majs, r\u00f6dl\u00f6k samt koriander.<\/span><\/p>\n<span class=\"dots\"><\/span><span class=\"menu-list__item-price\">179 KR<\/span><\/li>\n<li class=\"menu-list__item\">\n<h4 class=\"menu-list__item-title\"><span class=\"item_title\">Ceviche Mixto<\/span><span class=\"dots\"><\/span><\/h4>\n<p class=\"menu-list__item-desc\"><span class=\"desc__content\">Citrusmarinerad lax &amp; hand skalade r\u00e4kor. Serveras med s\u00f6tpotatis, rostad majs, r\u00f6dl\u00f6k samt koriander.<\/span><\/p>\n<span class=\"dots\"><\/span><span class=\"menu-list__item-price\">189 KR<\/span><\/li>\n<li class=\"menu-list__item\">\n<div class=\"menu-list__item-highlight-wrapper\">\n<span class=\"menu-list__item-highlight-title\">K\u00f6kets favorit<\/span>\n<h4 class=\"menu-list__item-title\"><span class=\"item_title\">Ceviche Nikkei<\/span><span class=\"dots\"><\/span><\/h4>\n<p class=\"menu-list__item-desc\"><span class=\"desc__content\"> Tonfisk lime, ingef\u00e4ra, vitl\u00f6k, soja, sesamfr\u00f6n, serveras med s\u00f6tpotatis, rostad majs, r\u00f6dl\u00f6k samt koriander.<\/span><\/p>\n<span class=\"dots\"><\/span><span class=\"menu-list__item-price\">209 KR<\/span><\/div>\n<\/li>\n<\/ul>\n<h2 class=\"menu-list__title\">Fisk<\/h2>\n<hr class=\"separator\"\/>\n<ul class=\"menu-list__items\">\n<li class=\"menu-list__item\">\n<h4 class=\"menu-list__item-title\"><span class=\"item_title\">Pescado Frito<\/span><span class=\"dots\"><\/span><\/h4>\n<p class=\"menu-list__item-desc\"><span class=\"desc__content\">Panko panerad fisk, aioli, l\u00f6ksallad. Serveras med ris.<\/span><\/p>\n<span class=\"dots\"><\/span><span class=\"menu-list__item-price\">169 KR<\/span><\/li>\n<li class=\"menu-list__item\">\n<h4 class=\"menu-list__item-title\"><span class=\"item_title\">Pescado Sudado<\/span><span class=\"dots\"><\/span><\/h4>\n<p class=\"menu-list__item-desc\"><span class=\"desc__content\">Pocherad fisk, pickad r\u00f6dl\u00f6k, tomat &amp; vitvin. Serveras med ris.<\/span><\/p>\n<span class=\"dots\"><\/span><span class=\"menu-list__item-price\">199 KR<\/span><\/li>\n<li class=\"menu-list__item\">\n<h4 class=\"menu-list__item-title\"><span class=\"item_title\">Kvilleburgare<\/span><span class=\"dots\"><\/span><\/h4>\n<p class=\"menu-list__item-desc\"><span class=\"desc__content\">Panko panerad fisk, tomat, sallad, brioche br\u00f6d, aioli, picklad r\u00f6dl\u00f6k. Serveras med pommes.<\/span><\/p>\n<span class=\"dots\"><\/span><span class=\"menu-list__item-price\">179 KR<\/span><\/li>\n<\/ul>\n<\/div>\n\n\t<\/div>\n\t<div class=\"grid__item six-twelfths palm-one-whole\" >\n\t\t\n<div class=\"menu-list menu-list__dotted\">\n<h2 class=\"menu-list__title\">K\u00f6tt<\/h2>\n<hr class=\"separator\"\/>\n<ul class=\"menu-list__items\">\n<li class=\"menu-list__item\">\n<div class=\"menu-list__item-highlight-wrapper\">\n<span class=\"menu-list__item-highlight-title\">K\u00f6kets favorit<\/span>\n<h4 class=\"menu-list__item-title\"><span class=\"item_title\">LOMO SALTADO<\/span><span class=\"dots\"><\/span><\/h4>\n<p class=\"menu-list__item-desc\"><span class=\"desc__content\">Wok p\u00e5 ryggbiff, r\u00f6dl\u00f6k, tomat, ostrons\u00e5s. Serveras med ris och pommes.<\/span><\/p>\n<span class=\"dots\"><\/span><span class=\"menu-list__item-price\">179 KR<\/span><\/div>\n<\/li>\n<li class=\"menu-list__item\">\n<h4 class=\"menu-list__item-title\"><span class=\"item_title\">CARNE \u00c1 LA PARRILLA<\/span><span class=\"dots\"><\/span><\/h4>\n<p class=\"menu-list__item-desc\"><span class=\"desc__content\">200g Ryggbiff, chilimajo. Serveras med sallad &amp; pommes.<\/span><\/p>\n<span class=\"dots\"><\/span><span class=\"menu-list__item-price\">189 KR<\/span><\/li>\n<li class=\"menu-list__item\">\n<h4 class=\"menu-list__item-title\"><span class=\"item_title\">ANTICUCHOS<\/span><span class=\"dots\"><\/span><\/h4>\n<p class=\"menu-list__item-desc\"><span class=\"desc__content\">Tunt skuret oxhj\u00e4rta, chilimynta &amp; majs. Serveras med rostad potatis<\/span><\/p>\n<span class=\"dots\"><\/span><span class=\"menu-list__item-price\">219 KR<\/span><\/li>\n<\/ul>\n<h2 class=\"menu-list__title\">Kyckling<\/h2>\n<hr class=\"separator\"\/>\n<ul class=\"menu-list__items\">\n<li class=\"menu-list__item\">\n<h4 class=\"menu-list__item-title\"><span class=\"item_title\">POLLO SALTADO<\/span><span class=\"dots\"><\/span><\/h4>\n<p class=\"menu-list__item-desc\"><span class=\"desc__content\">Wok p\u00e5 kycklingfil\u00e9, r\u00f6dl\u00f6k, tomat, ostrons\u00e5s. Serveras med ris och pommes.<\/span><\/p>\n<span class=\"dots\"><\/span><span class=\"menu-list__item-price\">159 KR<\/span><\/li>\n<li class=\"menu-list__item\">\n<h4 class=\"menu-list__item-title\"><span class=\"item_title\">PECHUGA \u00c1 LA PARRILLA<\/span><span class=\"dots\"><\/span><\/h4>\n<p class=\"menu-list__item-desc\"><span class=\"desc__content\">Stekt kycklingfil\u00e9. Serveras med sallad &amp; pommes.<\/span><\/p>\n<span class=\"dots\"><\/span><span class=\"menu-list__item-price\">169 KR<\/span><\/li>\n<\/ul>\n<h2 class=\"menu-list__title\">Vegetariskt<\/h2>\n<hr class=\"separator\"\/>\n<ul class=\"menu-list__items\">\n<li class=\"menu-list__item\">\n<h4 class=\"menu-list__item-title\"><span class=\"item_title\">HALLOUMIBURGARE<\/span><span class=\"dots\"><\/span><\/h4>\n<p class=\"menu-list__item-desc\"><span class=\"desc__content\">Stekt Halloumi, brioche br\u00f6d, sallad, tomat, salsa verde &amp; chilimajo. Serveras med pommes.<\/span><\/p>\n<span class=\"dots\"><\/span><span class=\"menu-list__item-price\">159 KR<\/span><\/li>\n<li class=\"menu-list__item\">\n<h4 class=\"menu-list__item-title\"><span class=\"item_title\">WOK VEGETARIANO<\/span><span class=\"dots\"><\/span><\/h4>\n<p class=\"menu-list__item-desc\"><span class=\"desc__content\">Wok p\u00e5 zucchini, champinjoner, blomk\u00e5l, b\u00f6ngroddar. Serveras med ris &amp; chilimajo.<\/span><\/p>\n<span class=\"dots\"><\/span><span class=\"menu-list__item-price\">159 KR<\/span><\/li>\n<\/ul>\n<\/div>\n\n\t<\/div>\n\t<\/div>\n\n<p>&nbsp;<\/p>\n","protected":false},"excerpt":{"rendered":"<p>&nbsp; CEVICHE IS THE TASTE OF PERU Det peruanska k\u00f6ket s\u00e4gs vara ett av v\u00e4rldens b\u00e4sta. Vi \u00e4r beredda att h\u00e5lla med. I v\u00e5r cevicheria i Kville Saluhall serverar vi traditionell peruansk mat p\u00e5 svenska r\u00e5varor. Att kunna servera v\u00e5r ceviche p\u00e5 dagens f\u00e5ngst fr\u00e5n G\u00f6teborgs fiskhamn \u00e4r en ynnest. Men vi brinner ocks\u00e5 f\u00f6r..<\/p>\n","protected":false},"author":1,"featured_media":842,"parent":0,"menu_order":1,"comment_status":"closed","ping_status":"closed","template":"","meta":[],"_links":{"self":[{"href":"https:\/\/www.cevichetasteofperu.se\/index.php?rest_route=\/wp\/v2\/pages\/640"}],"collection":[{"href":"https:\/\/www.cevichetasteofperu.se\/index.php?rest_route=\/wp\/v2\/pages"}],"about":[{"href":"https:\/\/www.cevichetasteofperu.se\/index.php?rest_route=\/wp\/v2\/types\/page"}],"author":[{"embeddable":true,"href":"https:\/\/www.cevichetasteofperu.se\/index.php?rest_route=\/wp\/v2\/users\/1"}],"replies":[{"embeddable":true,"href":"https:\/\/www.cevichetasteofperu.se\/index.php?rest_route=%2Fwp%2Fv2%2Fcomments&post=640"}],"version-history":[{"count":43,"href":"https:\/\/www.cevichetasteofperu.se\/index.php?rest_route=\/wp\/v2\/pages\/640\/revisions"}],"predecessor-version":[{"id":2356,"href":"https:\/\/www.cevichetasteofperu.se\/index.php?rest_route=\/wp\/v2\/pages\/640\/revisions\/2356"}],"wp:featuredmedia":[{"embeddable":true,"href":"https:\/\/www.cevichetasteofperu.se\/index.php?rest_route=\/wp\/v2\/media\/842"}],"wp:attachment":[{"href":"https:\/\/www.cevichetasteofperu.se\/index.php?rest_route=%2Fwp%2Fv2%2Fmedia&parent=640"}],"curies":[{"name":"wp","href":"https:\/\/api.w.org\/{rel}","templated":true}]}}