{"id":644,"date":"2021-04-13T14:00:30","date_gmt":"2021-04-13T12:00:30","guid":{"rendered":"https:\/\/www.cevichetasteofperu.se\/?page_id=644"},"modified":"2021-09-25T18:03:52","modified_gmt":"2021-09-25T16:03:52","slug":"om-oss","status":"publish","type":"page","link":"https:\/\/www.cevichetasteofperu.se\/?page_id=644","title":{"rendered":"Om oss"},"content":{"rendered":"\t<div class=\"pixcode  pixcode--grid  grid\" >\n\t\t\t<div class=\"grid__item six-twelfths palm-one-whole\" >\n\t\t\n<p>Vi skapade Ceviche &#8211; Taste of Peru med m\u00e5let att servera traditionell peruansk husmanskost p\u00e5 ett innovativt s\u00e4tt. F\u00f6r oss betyder det att v\u00e5ra g\u00e4ster ska f\u00e5 en smak- och kulturupplevels<span style=\"font-family: inherit; font-weight: inherit;\">e ut\u00f6ver det vanliga.<\/span><\/p>\n\t<\/div>\n\t<div class=\"grid__item six-twelfths palm-one-whole\" >\n\t\t\n<p><img loading=\"lazy\" class=\"size-medium wp-image-767 aligncenter\" src=\"https:\/\/www.cevichetasteofperu.se\/wp-content\/uploads\/2021\/04\/louisa-236x300.png\" alt=\"\" width=\"236\" height=\"300\" srcset=\"https:\/\/www.cevichetasteofperu.se\/wp-content\/uploads\/2021\/04\/louisa-236x300.png 236w, https:\/\/www.cevichetasteofperu.se\/wp-content\/uploads\/2021\/04\/louisa-400x508.png 400w, https:\/\/www.cevichetasteofperu.se\/wp-content\/uploads\/2021\/04\/louisa-378x480.png 378w, https:\/\/www.cevichetasteofperu.se\/wp-content\/uploads\/2021\/04\/louisa.png 500w\" sizes=\"(max-width: 236px) 100vw, 236px\" \/><img loading=\"lazy\" class=\"size-medium wp-image-963 alignleft\" src=\"https:\/\/www.cevichetasteofperu.se\/wp-content\/uploads\/2021\/06\/latino-sushi-200x300.jpg\" alt=\"\" width=\"200\" height=\"300\" srcset=\"https:\/\/www.cevichetasteofperu.se\/wp-content\/uploads\/2021\/06\/latino-sushi-200x300.jpg 200w, https:\/\/www.cevichetasteofperu.se\/wp-content\/uploads\/2021\/06\/latino-sushi-683x1024.jpg 683w, https:\/\/www.cevichetasteofperu.se\/wp-content\/uploads\/2021\/06\/latino-sushi-768x1152.jpg 768w, https:\/\/www.cevichetasteofperu.se\/wp-content\/uploads\/2021\/06\/latino-sushi-1024x1536.jpg 1024w, https:\/\/www.cevichetasteofperu.se\/wp-content\/uploads\/2021\/06\/latino-sushi-1200x1800.jpg 1200w, https:\/\/www.cevichetasteofperu.se\/wp-content\/uploads\/2021\/06\/latino-sushi-900x1350.jpg 900w, https:\/\/www.cevichetasteofperu.se\/wp-content\/uploads\/2021\/06\/latino-sushi-400x600.jpg 400w, https:\/\/www.cevichetasteofperu.se\/wp-content\/uploads\/2021\/06\/latino-sushi.jpg 1365w\" sizes=\"(max-width: 200px) 100vw, 200px\" \/> <img loading=\"lazy\" class=\"wp-image-966 aligncenter\" src=\"https:\/\/www.cevichetasteofperu.se\/wp-content\/uploads\/2021\/06\/ceviche-de-pescado-300x236.jpg\" alt=\"\" width=\"198\" height=\"156\" srcset=\"https:\/\/www.cevichetasteofperu.se\/wp-content\/uploads\/2021\/06\/ceviche-de-pescado-300x236.jpg 300w, https:\/\/www.cevichetasteofperu.se\/wp-content\/uploads\/2021\/06\/ceviche-de-pescado-1024x805.jpg 1024w, https:\/\/www.cevichetasteofperu.se\/wp-content\/uploads\/2021\/06\/ceviche-de-pescado-768x604.jpg 768w, https:\/\/www.cevichetasteofperu.se\/wp-content\/uploads\/2021\/06\/ceviche-de-pescado-900x708.jpg 900w, https:\/\/www.cevichetasteofperu.se\/wp-content\/uploads\/2021\/06\/ceviche-de-pescado-400x315.jpg 400w, https:\/\/www.cevichetasteofperu.se\/wp-content\/uploads\/2021\/06\/ceviche-de-pescado.jpg 1198w\" sizes=\"(max-width: 198px) 100vw, 198px\" \/><\/p>\n<p>&nbsp;<\/p>\n\t<\/div>\n\t<\/div>\n\n","protected":false},"excerpt":{"rendered":"","protected":false},"author":1,"featured_media":966,"parent":716,"menu_order":4,"comment_status":"closed","ping_status":"closed","template":"","meta":[],"_links":{"self":[{"href":"https:\/\/www.cevichetasteofperu.se\/index.php?rest_route=\/wp\/v2\/pages\/644"}],"collection":[{"href":"https:\/\/www.cevichetasteofperu.se\/index.php?rest_route=\/wp\/v2\/pages"}],"about":[{"href":"https:\/\/www.cevichetasteofperu.se\/index.php?rest_route=\/wp\/v2\/types\/page"}],"author":[{"embeddable":true,"href":"https:\/\/www.cevichetasteofperu.se\/index.php?rest_route=\/wp\/v2\/users\/1"}],"replies":[{"embeddable":true,"href":"https:\/\/www.cevichetasteofperu.se\/index.php?rest_route=%2Fwp%2Fv2%2Fcomments&post=644"}],"version-history":[{"count":25,"href":"https:\/\/www.cevichetasteofperu.se\/index.php?rest_route=\/wp\/v2\/pages\/644\/revisions"}],"predecessor-version":[{"id":1105,"href":"https:\/\/www.cevichetasteofperu.se\/index.php?rest_route=\/wp\/v2\/pages\/644\/revisions\/1105"}],"up":[{"embeddable":true,"href":"https:\/\/www.cevichetasteofperu.se\/index.php?rest_route=\/wp\/v2\/pages\/716"}],"wp:featuredmedia":[{"embeddable":true,"href":"https:\/\/www.cevichetasteofperu.se\/index.php?rest_route=\/wp\/v2\/media\/966"}],"wp:attachment":[{"href":"https:\/\/www.cevichetasteofperu.se\/index.php?rest_route=%2Fwp%2Fv2%2Fmedia&parent=644"}],"curies":[{"name":"wp","href":"https:\/\/api.w.org\/{rel}","templated":true}]}}