{"id":716,"date":"2021-04-13T15:16:08","date_gmt":"2021-04-13T13:16:08","guid":{"rendered":"https:\/\/www.cevichetasteofperu.se\/?page_id=716"},"modified":"2021-04-14T17:05:48","modified_gmt":"2021-04-14T15:05:48","slug":"hem","status":"publish","type":"page","link":"https:\/\/www.cevichetasteofperu.se\/","title":{"rendered":"Hem"},"content":{"rendered":"<h2><span style=\"color: #d37424;\"><strong>STANS F\u00d6RSTA CEVICHERIA<\/strong><\/span><\/h2>\n<h4><span style=\"color: #d37424;\">I Peru blir ofta cevicherian en m\u00f6tesplats och en naturlig del av folks vardag &#8211; s\u00e5 vi vill att det ska vara hos oss ocks\u00e5.<\/span><\/h4>\n<p>N\u00e4r du bes\u00f6ker oss f\u00e5r du chans att smaka p\u00e5 peruansk matkultur lyssna till sk\u00f6na rytmer fr\u00e5n Sydamerika och uppleva den peruanska hj\u00e4rtligheten. I Peru \u00e4r matkulturen st\u00f6rre \u00e4n allt annat och \u00f6ket varierat. Maten har influerats av s\u00e5v\u00e4l det inhemska inkafolket som immigranter fr\u00e5n Afrika, Asien och Europa. Det finns \u00e4ven en sp\u00e4nnande historia bakom varje detalj, och vi f\u00f6rmedlar den g\u00e4rna till dig.<\/p>\n","protected":false},"excerpt":{"rendered":"<p>STANS F\u00d6RSTA CEVICHERIA I Peru blir ofta cevicherian en m\u00f6tesplats och en naturlig del av folks vardag &#8211; s\u00e5 vi vill att det ska vara hos oss ocks\u00e5. N\u00e4r du bes\u00f6ker oss f\u00e5r du chans att smaka p\u00e5 peruansk matkultur lyssna till sk\u00f6na rytmer fr\u00e5n Sydamerika och uppleva den peruanska hj\u00e4rtligheten. I Peru \u00e4r matkulturen..<\/p>\n","protected":false},"author":1,"featured_media":630,"parent":0,"menu_order":1,"comment_status":"closed","ping_status":"closed","template":"","meta":[],"_links":{"self":[{"href":"https:\/\/www.cevichetasteofperu.se\/index.php?rest_route=\/wp\/v2\/pages\/716"}],"collection":[{"href":"https:\/\/www.cevichetasteofperu.se\/index.php?rest_route=\/wp\/v2\/pages"}],"about":[{"href":"https:\/\/www.cevichetasteofperu.se\/index.php?rest_route=\/wp\/v2\/types\/page"}],"author":[{"embeddable":true,"href":"https:\/\/www.cevichetasteofperu.se\/index.php?rest_route=\/wp\/v2\/users\/1"}],"replies":[{"embeddable":true,"href":"https:\/\/www.cevichetasteofperu.se\/index.php?rest_route=%2Fwp%2Fv2%2Fcomments&post=716"}],"version-history":[{"count":11,"href":"https:\/\/www.cevichetasteofperu.se\/index.php?rest_route=\/wp\/v2\/pages\/716\/revisions"}],"predecessor-version":[{"id":850,"href":"https:\/\/www.cevichetasteofperu.se\/index.php?rest_route=\/wp\/v2\/pages\/716\/revisions\/850"}],"wp:featuredmedia":[{"embeddable":true,"href":"https:\/\/www.cevichetasteofperu.se\/index.php?rest_route=\/wp\/v2\/media\/630"}],"wp:attachment":[{"href":"https:\/\/www.cevichetasteofperu.se\/index.php?rest_route=%2Fwp%2Fv2%2Fmedia&parent=716"}],"curies":[{"name":"wp","href":"https:\/\/api.w.org\/{rel}","templated":true}]}}